{"id":1751,"date":"2015-05-26T09:06:22","date_gmt":"2015-05-26T09:06:22","guid":{"rendered":"http:\/\/fathermeditations.com\/?page_id=1751"},"modified":"2022-04-02T09:51:24","modified_gmt":"2022-04-02T09:51:24","slug":"een-vader-voor-israel-voor-de-komst-van-de-messias","status":"publish","type":"page","link":"https:\/\/fathermeditations.com\/nl\/meditaties\/appendix-de-vader-in-de-tenach\/een-vader-voor-israel-voor-de-komst-van-de-messias\/","title":{"rendered":"(C) Een Vader voor Isra\u00ebl v\u00f3\u00f3r de komst van de Messias"},"content":{"rendered":"","protected":false},"excerpt":{"rendered":"","protected":false},"author":1,"featured_media":0,"parent":996,"menu_order":3,"comment_status":"closed","ping_status":"closed","template":"","meta":{"footnotes":""},"class_list":["post-1751","page","type-page","status-publish","hentry"],"_links":{"self":[{"href":"https:\/\/fathermeditations.com\/nl\/wp-json\/wp\/v2\/pages\/1751","targetHints":{"allow":["GET"]}}],"collection":[{"href":"https:\/\/fathermeditations.com\/nl\/wp-json\/wp\/v2\/pages"}],"about":[{"href":"https:\/\/fathermeditations.com\/nl\/wp-json\/wp\/v2\/types\/page"}],"author":[{"embeddable":true,"href":"https:\/\/fathermeditations.com\/nl\/wp-json\/wp\/v2\/users\/1"}],"replies":[{"embeddable":true,"href":"https:\/\/fathermeditations.com\/nl\/wp-json\/wp\/v2\/comments?post=1751"}],"version-history":[{"count":19,"href":"https:\/\/fathermeditations.com\/nl\/wp-json\/wp\/v2\/pages\/1751\/revisions"}],"predecessor-version":[{"id":289392,"href":"https:\/\/fathermeditations.com\/nl\/wp-json\/wp\/v2\/pages\/1751\/revisions\/289392"}],"up":[{"embeddable":true,"href":"https:\/\/fathermeditations.com\/nl\/wp-json\/wp\/v2\/pages\/996"}],"wp:attachment":[{"href":"https:\/\/fathermeditations.com\/nl\/wp-json\/wp\/v2\/media?parent=1751"}],"curies":[{"name":"wp","href":"https:\/\/api.w.org\/{rel}","templated":true}]}}